{"id":12,"date":"2020-10-06T13:46:31","date_gmt":"2020-10-06T11:46:31","guid":{"rendered":"http:\/\/blog.fiesta-republic.com\/?page_id=12"},"modified":"2021-06-17T13:26:59","modified_gmt":"2021-06-17T11:26:59","slug":"tuto-maquillage-clown-arthur","status":"publish","type":"page","link":"https:\/\/www.fiesta-republic.com\/blog\/","title":{"rendered":"Tuto maquillage clown Arthur"},"content":{"rendered":"<p>D\u00e9couvrez notre<a href=\"https:\/\/www.fiesta-republic.com\/blog\/tuto-make-up-clown-arthur\/\"> nouveau tuto vid\u00e9o make-up<\/a>.<br \/>\nApprenez \u00e0 r\u00e9aliser un clown d\u00e9jant\u00e9 grand classique d&#8217;Halloween \u00e9tape par \u00e9tape.<\/p>\n","protected":false},"excerpt":{"rendered":"<p>D\u00e9couvrez notre nouveau tuto vid\u00e9o make-up. Apprenez \u00e0 r\u00e9aliser un clown d\u00e9jant\u00e9 grand classique d&#8217;Halloween \u00e9tape par \u00e9tape.<\/p>\n","protected":false},"author":1,"featured_media":201,"parent":0,"menu_order":0,"comment_status":"closed","ping_status":"closed","template":"","meta":{"sfsi_plus_gutenberg_text_before_share":"","sfsi_plus_gutenberg_show_text_before_share":"","sfsi_plus_gutenberg_icon_type":"","sfsi_plus_gutenberg_icon_alignemt":"","sfsi_plus_gutenburg_max_per_row":"","footnotes":""},"class_list":["post-12","page","type-page","status-publish","has-post-thumbnail","hentry"],"_links":{"self":[{"href":"https:\/\/www.fiesta-republic.com\/blog\/wp-json\/wp\/v2\/pages\/12","targetHints":{"allow":["GET"]}}],"collection":[{"href":"https:\/\/www.fiesta-republic.com\/blog\/wp-json\/wp\/v2\/pages"}],"about":[{"href":"https:\/\/www.fiesta-republic.com\/blog\/wp-json\/wp\/v2\/types\/page"}],"author":[{"embeddable":true,"href":"https:\/\/www.fiesta-republic.com\/blog\/wp-json\/wp\/v2\/users\/1"}],"replies":[{"embeddable":true,"href":"https:\/\/www.fiesta-republic.com\/blog\/wp-json\/wp\/v2\/comments?post=12"}],"version-history":[{"count":11,"href":"https:\/\/www.fiesta-republic.com\/blog\/wp-json\/wp\/v2\/pages\/12\/revisions"}],"predecessor-version":[{"id":353,"href":"https:\/\/www.fiesta-republic.com\/blog\/wp-json\/wp\/v2\/pages\/12\/revisions\/353"}],"wp:featuredmedia":[{"embeddable":true,"href":"https:\/\/www.fiesta-republic.com\/blog\/wp-json\/wp\/v2\/media\/201"}],"wp:attachment":[{"href":"https:\/\/www.fiesta-republic.com\/blog\/wp-json\/wp\/v2\/media?parent=12"}],"curies":[{"name":"wp","href":"https:\/\/api.w.org\/{rel}","templated":true}]}}